{"id":41,"date":"2015-07-17T19:44:38","date_gmt":"2015-07-17T17:44:38","guid":{"rendered":"https:\/\/fernweg.eu\/?page_id=41"},"modified":"2020-10-28T12:17:33","modified_gmt":"2020-10-28T11:17:33","slug":"ueber-mich-2","status":"publish","type":"page","link":"https:\/\/fernweg.eu\/?page_id=41","title":{"rendered":"\u00dcber Mich"},"content":{"rendered":"<p>Hey!<\/p>\n<p>Wie ich hei\u00dfe, wei\u00dft du wahrscheinlich vom Lesen meiner Beitr\u00e4ge schon. Mein Name ist Less, ich bin 22 Jahre alt und ich reise sehr gern.<\/p>\n<p>Neue Kulturen erleben, fremde Sprachen h\u00f6ren, interessante St\u00e4dte entdecken, atemberaubende Landschaften bestaunen &#8211; das fasziniert mich \ud83d\ude42 .<\/p>\n<p>Im Schuljahr 2015\/16 habe ich ein Austauschjahr in Ecuador verbracht. Seitdem gibt es diesen Blog, in dem ich \u00fcber ein paar meiner Reisen schreibe. Doch mein Reiseverst\u00e4ndnis hat sich im Laufe der Jahre sehr ver\u00e4ndert. Damals wollte ich die ganze Welt sehen. Davon bin ich heute immer noch nicht ganz abgeneigt. Aber die Art reisen zu wollen, hat sich ver\u00e4ndert. Flugreisen gehen &#8220;schnell&#8221;, man kann in kurzer Zeit viele Orte sehen, aber das macht diese Orte kaputt. Nicht nur das Reisen mit dem Flugzeug, sondern auch der Drang nach einem sch\u00f6nen Bild an einem sch\u00f6nen Ort, m\u00f6glichst weit weg von zuhause und am besten da, wo andere auch schon waren.<\/p>\n<p>Im Jahr 2020 habe ich einen erneuten Versuch gestartet, eine Reise mit dem Fahrrad zu unternehmen. Es war anfangs nicht leicht. Aber am Ende h\u00e4tte ich noch ein paar Wochen so weitermachen k\u00f6nnen. Ich habe gemerkt, dass ich nicht weit weg muss, um neue, sch\u00f6ne Dinge zu erleben. Und dass eine Reise nicht schnell gehen muss, um sch\u00f6ne Bildmotive zu sehen.<\/p>\n<p>Ich m\u00f6chte meine zuk\u00fcnftigen Reisen erstmal in Europa planen. Aber ich bin mir sicher, hier gibt es genug zu entdecken, um sch\u00f6ne Erinnerungen zu machen.<\/p>\n<p>Ich freue mich sehr, meine Erlebnisse mit euch teilen zu k\u00f6nnen! \ud83d\ude42<\/p>\n<p>Viel Spa\u00df beim Lesen!<\/p>\n<p>Less<\/p>\n<p>&nbsp;<\/p>\n","protected":false},"excerpt":{"rendered":"<p>Hey! Wie ich hei\u00dfe, wei\u00dft du wahrscheinlich vom Lesen meiner Beitr\u00e4ge schon. Mein Name ist Less, ich bin 22 Jahre alt und ich reise sehr gern. Neue Kulturen erleben, fremde Sprachen h\u00f6ren, interessante St\u00e4dte entdecken,<a class=\"read-more\" href=\"https:\/\/fernweg.eu\/?page_id=41\">Continue reading<\/a><\/p>\n","protected":false},"author":2,"featured_media":2394,"parent":0,"menu_order":0,"comment_status":"open","ping_status":"open","template":"","meta":{"ngg_post_thumbnail":0},"_links":{"self":[{"href":"https:\/\/fernweg.eu\/index.php?rest_route=\/wp\/v2\/pages\/41"}],"collection":[{"href":"https:\/\/fernweg.eu\/index.php?rest_route=\/wp\/v2\/pages"}],"about":[{"href":"https:\/\/fernweg.eu\/index.php?rest_route=\/wp\/v2\/types\/page"}],"author":[{"embeddable":true,"href":"https:\/\/fernweg.eu\/index.php?rest_route=\/wp\/v2\/users\/2"}],"replies":[{"embeddable":true,"href":"https:\/\/fernweg.eu\/index.php?rest_route=%2Fwp%2Fv2%2Fcomments&post=41"}],"version-history":[{"count":15,"href":"https:\/\/fernweg.eu\/index.php?rest_route=\/wp\/v2\/pages\/41\/revisions"}],"predecessor-version":[{"id":2392,"href":"https:\/\/fernweg.eu\/index.php?rest_route=\/wp\/v2\/pages\/41\/revisions\/2392"}],"wp:featuredmedia":[{"embeddable":true,"href":"https:\/\/fernweg.eu\/index.php?rest_route=\/wp\/v2\/media\/2394"}],"wp:attachment":[{"href":"https:\/\/fernweg.eu\/index.php?rest_route=%2Fwp%2Fv2%2Fmedia&parent=41"}],"curies":[{"name":"wp","href":"https:\/\/api.w.org\/{rel}","templated":true}]}}